{"id":6398,"date":"2024-07-06T17:00:58","date_gmt":"2024-07-06T14:00:58","guid":{"rendered":"https:\/\/izmirtabeladunyasi.com\/index.php\/bayrakli-tabela-2\/"},"modified":"2024-10-30T10:36:41","modified_gmt":"2024-10-30T07:36:41","slug":"menemen-tabela","status":"publish","type":"page","link":"https:\/\/www.gemalmazreklam.com\/index.php\/menemen-tabela\/","title":{"rendered":"Menemen Tabela"},"content":{"rendered":"\t\t<div data-elementor-type=\"wp-page\" data-elementor-id=\"6398\" class=\"elementor elementor-6398\">\n\t\t\t\t\t\t<section class=\"elementor-section elementor-top-section elementor-element elementor-element-6d0c51c elementor-section-content-middle elementor-section-boxed elementor-section-height-default elementor-section-height-default\" data-id=\"6d0c51c\" data-element_type=\"section\" data-settings=\"{&quot;background_background&quot;:&quot;classic&quot;}\">\n\t\t\t\t\t\t<div class=\"elementor-container elementor-column-gap-default\">\n\t\t\t\t\t<div class=\"elementor-column elementor-col-100 elementor-top-column elementor-element elementor-element-2aeaf7ee\" data-id=\"2aeaf7ee\" data-element_type=\"column\">\n\t\t\t<div class=\"elementor-widget-wrap elementor-element-populated\">\n\t\t\t\t\t\t<div class=\"elementor-element elementor-element-76f46169 elementor-widget elementor-widget-hub_fancy_heading\" data-id=\"76f46169\" data-element_type=\"widget\" data-widget_type=\"hub_fancy_heading.default\">\n\t\t\t\t<div class=\"elementor-widget-container\">\n\t\t\t\n\t\t<div id=\"ld-fancy-heading-69e1b6ef8e0c0\" class=\"ld-fancy-heading pos-rel\">\n\t\t\t<h2 class=\"ld-fh-element d-inline-block pos-rel  elementor-heading-title lqd-highlight-classic lqd-highlight-grow-left h2\"  > \u0130ZM\u0130R MENEMEN TABELA - REKLAM<\/h2>\t\t<\/div>\n\n\t\t\t\t<\/div>\n\t\t\t\t<\/div>\n\t\t\t\t<div class=\"elementor-element elementor-element-64a2ba98 elementor-widget elementor-widget-hub_fancy_heading\" data-id=\"64a2ba98\" data-element_type=\"widget\" data-widget_type=\"hub_fancy_heading.default\">\n\t\t\t\t<div class=\"elementor-widget-container\">\n\t\t\t\n\t\t<div id=\"ld-fancy-heading-69e1b6ef8eb17\" class=\"ld-fancy-heading pos-rel\">\n\t\t\t<p class=\"ld-fh-element d-inline-block pos-rel  lqd-highlight-classic lqd-highlight-grow-left p\"  > MENEMEN TABELACILAR - REKLAMCILAR\n<br><br>\nGemalmaz Reklam\n+90 232 367 00 37 | +90 542 820 98 64\n<br><br>\n<b>Gemalmaz Reklam<\/B> \u0130zmir Menemen'da a\u015fa\u011f\u0131daki hizmetleri vermektedir.\n<br><br>\nMenemen Neon Tabela\n<br><br>\nMenemen Krom Kutu Harf, Kabartmal\u0131 Tabela\n<br><br>\nMenemen I\u015f\u0131kl\u0131 Tabela\n<br><br>\nMenemen I\u015f\u0131ks\u0131z Tabela\n<br><br>\nMenemen Bask\u0131, Folyo, Dijital Bask\u0131<br>\nMenemen Al\u00fcminyum Kutu Harf<br>\nMenemen One Way Vision Cam ve Cephe Giydirme<br>\nMenemen Pleksi, Plexi Kompozit, Polikarbon Tabela <br>\nMenemen Reklam Bayraklar\u0131<br>\nMenemen Y\u00f6n Tabelalar\u0131<br>\n<br>\nMenemen Totem Tabela\n<br>\nMenemen Ara\u00e7 Kaplama\n<br>\nMenemen Led Tabela <br>\nMenemen Vinil Germe Tabela<br>\nMenemen Paslanmaz Lazer Kesim<br>\nMenemen Ara\u00e7 Giydirme<\/p>\t\t<\/div>\n\n\t\t\t\t<\/div>\n\t\t\t\t<\/div>\n\t\t\t\t\t<\/div>\n\t\t<\/div>\n\t\t\t\t\t<\/div>\n\t\t<\/section>\n\t\t\t\t<section class=\"elementor-section elementor-top-section elementor-element elementor-element-9fd0d1f elementor-section-boxed elementor-section-height-default elementor-section-height-default\" data-id=\"9fd0d1f\" data-element_type=\"section\" data-settings=\"{&quot;background_background&quot;:&quot;classic&quot;}\">\n\t\t\t\t\t\t<div class=\"elementor-container elementor-column-gap-default\">\n\t\t\t\t\t<div class=\"elementor-column elementor-col-100 elementor-top-column elementor-element elementor-element-4050525\" data-id=\"4050525\" data-element_type=\"column\">\n\t\t\t<div class=\"elementor-widget-wrap elementor-element-populated\">\n\t\t\t\t\t\t<section class=\"elementor-section elementor-inner-section elementor-element elementor-element-589acb9 elementor-section-boxed elementor-section-height-default elementor-section-height-default\" data-id=\"589acb9\" data-element_type=\"section\">\n\t\t\t\t\t\t<div class=\"elementor-container elementor-column-gap-default\">\n\t\t\t\t\t<div class=\"elementor-column elementor-col-25 elementor-inner-column elementor-element elementor-element-0d59e9a\" data-id=\"0d59e9a\" data-element_type=\"column\">\n\t\t\t<div class=\"elementor-widget-wrap\">\n\t\t\t\t\t\t\t<\/div>\n\t\t<\/div>\n\t\t\t\t<div data-custom-animations=\"true\" data-ca-options=\"{&quot;addChildTimelines&quot;:false,&quot;animationTarget&quot;:&quot;:scope &gt; .elementor-widget-wrap &gt; .elementor-element &gt; .elementor-widget-container, :scope &gt; .elementor-widget-wrap &gt; .elementor-section &gt; .elementor-container &gt; .elementor-column &gt; .elementor-widget-wrap &gt; .elementor-element:not(.lqd-el-has-inner-anim) &gt; .elementor-widget-container, :scope &gt; .elementor-widget-wrap &gt; .elementor-widget-hub_fancy_heading .lqd-split-lines .lqd-lines .split-inner, :scope &gt; .elementor-widget-wrap &gt; .elementor-widget-hub_fancy_heading .lqd-split-words .lqd-words .split-inner, :scope &gt; .elementor-widget-wrap &gt; .elementor-widget-hub_fancy_heading .lqd-split-chars .lqd-chars .split-inner, :scope &gt; .elementor-widget-wrap &gt; .elementor-widget-ld_custom_menu .lqd-fancy-menu &gt; ul &gt; li&quot;,&quot;duration&quot;:1800,&quot;delay&quot;:180,&quot;ease&quot;:[&quot;power4.out&quot;],&quot;initValues&quot;:{&quot;y&quot;:&quot;35px&quot;,&quot;opacity&quot;:0},&quot;animations&quot;:{&quot;y&quot;:&quot;0px&quot;,&quot;opacity&quot;:1}}\" class=\"elementor-column elementor-col-50 elementor-inner-column elementor-element elementor-element-60882cc\" data-id=\"60882cc\" data-element_type=\"column\">\n\t\t\t<div class=\"elementor-widget-wrap elementor-element-populated\">\n\t\t\t\t\t\t<div class=\"elementor-element elementor-element-bba15e0 elementor-widget elementor-widget-hub_fancy_heading\" data-id=\"bba15e0\" data-element_type=\"widget\" data-widget_type=\"hub_fancy_heading.default\">\n\t\t\t\t<div class=\"elementor-widget-container\">\n\t\t\t\n\t\t<div id=\"ld-fancy-heading-69e1b6ef8fce0\" class=\"ld-fancy-heading pos-rel\">\n\t\t\t<h2 class=\"ld-fh-element d-inline-block pos-rel  elementor-heading-title lqd-highlight-classic lqd-highlight-grow-left h2\"  > Bize Ula\u015f\u0131n<\/h2>\t\t<\/div>\n\n\t\t\t\t<\/div>\n\t\t\t\t<\/div>\n\t\t\t\t<div class=\"elementor-element elementor-element-01f4dc7 elementor-widget elementor-widget-hub_fancy_heading\" data-id=\"01f4dc7\" data-element_type=\"widget\" data-widget_type=\"hub_fancy_heading.default\">\n\t\t\t\t<div class=\"elementor-widget-container\">\n\t\t\t\n\t\t<div id=\"ld-fancy-heading-69e1b6ef9018a\" class=\"ld-fancy-heading pos-rel\">\n\t\t\t<p class=\"ld-fh-element d-inline-block pos-rel  lqd-highlight-classic lqd-highlight-grow-left p\"  > Bir kahve i\u00e7meye bekleriz. \ud83d\ude42<\/p>\t\t<\/div>\n\n\t\t\t\t<\/div>\n\t\t\t\t<\/div>\n\t\t\t\t\t<\/div>\n\t\t<\/div>\n\t\t\t\t<div class=\"elementor-column elementor-col-25 elementor-inner-column elementor-element elementor-element-ac7f911\" data-id=\"ac7f911\" data-element_type=\"column\">\n\t\t\t<div class=\"elementor-widget-wrap\">\n\t\t\t\t\t\t\t<\/div>\n\t\t<\/div>\n\t\t\t\t\t<\/div>\n\t\t<\/section>\n\t\t\t\t<section data-custom-animations=\"true\" data-ca-options=\"{&quot;addChildTimelines&quot;:false,&quot;animationTarget&quot;:&quot;:scope &gt; .elementor-container &gt; .elementor-column&quot;,&quot;ease&quot;:[&quot;power4.out&quot;],&quot;initValues&quot;:{&quot;opacity&quot;:0},&quot;animations&quot;:{&quot;opacity&quot;:1}}\" class=\"elementor-section elementor-inner-section elementor-element elementor-element-f221a96 elementor-section-boxed elementor-section-height-default elementor-section-height-default\" data-id=\"f221a96\" data-element_type=\"section\">\n\t\t\t\t\t\t<div class=\"elementor-container elementor-column-gap-default\">\n\t\t\t\t\t<div class=\"elementor-column elementor-col-33 elementor-inner-column elementor-element elementor-element-c6b85c2\" data-id=\"c6b85c2\" data-element_type=\"column\" data-settings=\"{&quot;background_background&quot;:&quot;classic&quot;}\">\n\t\t\t<div class=\"elementor-widget-wrap elementor-element-populated\">\n\t\t\t\t\t\t<div class=\"elementor-element elementor-element-6f795e8 elementor-widget elementor-widget-hub_fancy_heading\" data-id=\"6f795e8\" data-element_type=\"widget\" data-widget_type=\"hub_fancy_heading.default\">\n\t\t\t\t<div class=\"elementor-widget-container\">\n\t\t\t\n\t\t<div id=\"ld-fancy-heading-69e1b6ef90e54\" class=\"ld-fancy-heading pos-rel\">\n\t\t\t<h3 class=\"ld-fh-element d-inline-block pos-rel  elementor-heading-title lqd-highlight-classic lqd-highlight-grow-left h3\"  > Adres<\/h3>\t\t<\/div>\n\n\t\t\t\t<\/div>\n\t\t\t\t<\/div>\n\t\t\t\t<div class=\"elementor-element elementor-element-defad96 elementor-widget elementor-widget-hub_fancy_heading\" data-id=\"defad96\" data-element_type=\"widget\" data-widget_type=\"hub_fancy_heading.default\">\n\t\t\t\t<div class=\"elementor-widget-container\">\n\t\t\t\n\t\t<div id=\"ld-fancy-heading-69e1b6ef912cd\" class=\"ld-fancy-heading pos-rel\">\n\t\t\t<p class=\"ld-fh-element d-inline-block pos-rel  lqd-highlight-classic lqd-highlight-grow-left p\"  > Anadolu Caddesi No:658\/3 <br> (Arkas Otomotiv Kar\u015f\u0131s\u0131) <br> Kar\u015f\u0131yaka - \u0130ZM\u0130R<\/p>\t\t<\/div>\n\n\t\t\t\t<\/div>\n\t\t\t\t<\/div>\n\t\t\t\t\t<\/div>\n\t\t<\/div>\n\t\t\t\t<div class=\"elementor-column elementor-col-33 elementor-inner-column elementor-element elementor-element-310ea43\" data-id=\"310ea43\" data-element_type=\"column\" data-settings=\"{&quot;background_background&quot;:&quot;classic&quot;}\">\n\t\t\t<div class=\"elementor-widget-wrap elementor-element-populated\">\n\t\t\t\t\t\t<div class=\"elementor-element elementor-element-20c3535 elementor-widget elementor-widget-hub_fancy_heading\" data-id=\"20c3535\" data-element_type=\"widget\" data-widget_type=\"hub_fancy_heading.default\">\n\t\t\t\t<div class=\"elementor-widget-container\">\n\t\t\t\n\t\t<div id=\"ld-fancy-heading-69e1b6ef91a3f\" class=\"ld-fancy-heading pos-rel\">\n\t\t\t<h3 class=\"ld-fh-element d-inline-block pos-rel  elementor-heading-title lqd-highlight-classic lqd-highlight-grow-left h3\"  > Telefon<\/h3>\t\t<\/div>\n\n\t\t\t\t<\/div>\n\t\t\t\t<\/div>\n\t\t\t\t<div class=\"elementor-element elementor-element-8293ac0 elementor-widget elementor-widget-hub_fancy_heading\" data-id=\"8293ac0\" data-element_type=\"widget\" data-widget_type=\"hub_fancy_heading.default\">\n\t\t\t\t<div class=\"elementor-widget-container\">\n\t\t\t\n\t\t<div id=\"ld-fancy-heading-69e1b6ef91ef1\" class=\"ld-fancy-heading pos-rel\">\n\t\t\t<p class=\"ld-fh-element d-inline-block pos-rel  lqd-highlight-classic lqd-highlight-grow-left p\"  > +90 232 367 00 37\n<br>\n+90 542 820 98 64<\/p>\t\t<\/div>\n\n\t\t\t\t<\/div>\n\t\t\t\t<\/div>\n\t\t\t\t\t<\/div>\n\t\t<\/div>\n\t\t\t\t<div class=\"elementor-column elementor-col-33 elementor-inner-column elementor-element elementor-element-b379bd1\" data-id=\"b379bd1\" data-element_type=\"column\" data-settings=\"{&quot;background_background&quot;:&quot;classic&quot;}\">\n\t\t\t<div class=\"elementor-widget-wrap elementor-element-populated\">\n\t\t\t\t\t\t<div class=\"elementor-element elementor-element-363fa02 elementor-widget elementor-widget-hub_fancy_heading\" data-id=\"363fa02\" data-element_type=\"widget\" data-widget_type=\"hub_fancy_heading.default\">\n\t\t\t\t<div class=\"elementor-widget-container\">\n\t\t\t\n\t\t<div id=\"ld-fancy-heading-69e1b6ef92645\" class=\"ld-fancy-heading pos-rel\">\n\t\t\t<h3 class=\"ld-fh-element d-inline-block pos-rel  elementor-heading-title lqd-highlight-classic lqd-highlight-grow-left h3\"  > E-Posta<\/h3>\t\t<\/div>\n\n\t\t\t\t<\/div>\n\t\t\t\t<\/div>\n\t\t\t\t<div class=\"elementor-element elementor-element-1243fbd elementor-widget elementor-widget-hub_fancy_heading\" data-id=\"1243fbd\" data-element_type=\"widget\" data-widget_type=\"hub_fancy_heading.default\">\n\t\t\t\t<div class=\"elementor-widget-container\">\n\t\t\t\n\t\t<div id=\"ld-fancy-heading-69e1b6ef92acb\" class=\"ld-fancy-heading pos-rel\">\n\t\t\t<p class=\"ld-fh-element d-inline-block pos-rel  lqd-highlight-classic lqd-highlight-grow-left p\"  > info@gemalmazreklam.com<\/p>\t\t<\/div>\n\n\t\t\t\t<\/div>\n\t\t\t\t<\/div>\n\t\t\t\t\t<\/div>\n\t\t<\/div>\n\t\t\t\t\t<\/div>\n\t\t<\/section>\n\t\t\t\t\t<\/div>\n\t\t<\/div>\n\t\t\t\t\t<\/div>\n\t\t<\/section>\n\t\t\t\t<\/div>\n\t\t","protected":false},"excerpt":{"rendered":"<p>\u0130ZM\u0130R MENEMEN TABELA &#8211; REKLAM MENEMEN TABELACILAR &#8211; REKLAMCILAR Gemalmaz Reklam +90 232 367 00 37 | +90 542 820 98 64 Gemalmaz Reklam \u0130zmir Menemen&#8217;da a\u015fa\u011f\u0131daki hizmetleri vermektedir. Menemen Neon Tabela Menemen Krom Kutu Harf, Kabartmal\u0131 Tabela Menemen I\u015f\u0131kl\u0131 Tabela Menemen I\u015f\u0131ks\u0131z Tabela Menemen Bask\u0131, Folyo, Dijital Bask\u0131 Menemen Al\u00fcminyum Kutu Harf Menemen One [&hellip;]<\/p>\n","protected":false},"author":1,"featured_media":0,"parent":0,"menu_order":0,"comment_status":"closed","ping_status":"closed","template":"","meta":{"footnotes":""},"class_list":["post-6398","page","type-page","status-publish","hentry"],"yoast_head":"<!-- This site is optimized with the Yoast SEO plugin v23.1 - https:\/\/yoast.com\/wordpress\/plugins\/seo\/ -->\n<title>Menemen Tabela \u0130zmir Tabelac\u0131 - \u0130zmir Reklamc\u0131 - Kar\u015f\u0131yaka Reklamc\u0131 - \u00c7i\u011fli Reklamc\u0131- Gemalmaz Reklam - \u0130zmir Reklamc\u0131 - \u0130zmir Reklam Tabela - Kar\u015f\u0131yaka Reklamc\u0131 - Bostanl\u0131 Tabelac\u0131<\/title>\n<meta name=\"description\" content=\"\u0130zmir Tabela D\u00fcnyas\u0131 olarak kaliteli ve uygun fiyatl\u0131 a\u00e7\u0131k hava reklamc\u0131l\u0131k \u00e7\u00f6z\u00fcmleri sunuyoruz. Detayl\u0131 bilgi i\u00e7in hemen ziyaret edin!\" \/>\n<meta name=\"robots\" content=\"index, follow, max-snippet:-1, max-image-preview:large, max-video-preview:-1\" \/>\n<link rel=\"canonical\" href=\"https:\/\/www.gemalmazreklam.com\/index.php\/menemen-tabela\/\" \/>\n<meta property=\"og:locale\" content=\"tr_TR\" \/>\n<meta property=\"og:type\" content=\"article\" \/>\n<meta property=\"og:title\" content=\"Menemen Tabela \u0130zmir Tabelac\u0131 - \u0130zmir Reklamc\u0131 - Kar\u015f\u0131yaka Reklamc\u0131 - \u00c7i\u011fli Reklamc\u0131- Gemalmaz Reklam - \u0130zmir Reklamc\u0131 - \u0130zmir Reklam Tabela - Kar\u015f\u0131yaka Reklamc\u0131 - Bostanl\u0131 Tabelac\u0131\" \/>\n<meta property=\"og:description\" content=\"\u0130zmir Tabela D\u00fcnyas\u0131 olarak kaliteli ve uygun fiyatl\u0131 a\u00e7\u0131k hava reklamc\u0131l\u0131k \u00e7\u00f6z\u00fcmleri sunuyoruz. Detayl\u0131 bilgi i\u00e7in hemen ziyaret edin!\" \/>\n<meta property=\"og:url\" content=\"https:\/\/www.gemalmazreklam.com\/index.php\/menemen-tabela\/\" \/>\n<meta property=\"og:site_name\" content=\"Gemalmaz Reklam - \u0130zmir Reklamc\u0131 - \u0130zmir Reklam Tabela - Kar\u015f\u0131yaka Reklamc\u0131 - Bostanl\u0131 Tabelac\u0131\" \/>\n<meta property=\"article:modified_time\" content=\"2024-10-30T07:36:41+00:00\" \/>\n<meta name=\"twitter:card\" content=\"summary_large_image\" \/>\n<meta name=\"twitter:label1\" content=\"Tahmini okuma s\u00fcresi\" \/>\n\t<meta name=\"twitter:data1\" content=\"1 dakika\" \/>\n<script type=\"application\/ld+json\" class=\"yoast-schema-graph\">{\"@context\":\"https:\/\/schema.org\",\"@graph\":[{\"@type\":\"WebPage\",\"@id\":\"https:\/\/www.gemalmazreklam.com\/index.php\/menemen-tabela\/\",\"url\":\"https:\/\/www.gemalmazreklam.com\/index.php\/menemen-tabela\/\",\"name\":\"Menemen Tabela \u0130zmir Tabelac\u0131 - \u0130zmir Reklamc\u0131 - Kar\u015f\u0131yaka Reklamc\u0131 - \u00c7i\u011fli Reklamc\u0131- Gemalmaz Reklam - \u0130zmir Reklamc\u0131 - \u0130zmir Reklam Tabela - Kar\u015f\u0131yaka Reklamc\u0131 - Bostanl\u0131 Tabelac\u0131\",\"isPartOf\":{\"@id\":\"https:\/\/www.gemalmazreklam.com\/#website\"},\"datePublished\":\"2024-07-06T14:00:58+00:00\",\"dateModified\":\"2024-10-30T07:36:41+00:00\",\"description\":\"\u0130zmir Tabela D\u00fcnyas\u0131 olarak kaliteli ve uygun fiyatl\u0131 a\u00e7\u0131k hava reklamc\u0131l\u0131k \u00e7\u00f6z\u00fcmleri sunuyoruz. Detayl\u0131 bilgi i\u00e7in hemen ziyaret edin!\",\"breadcrumb\":{\"@id\":\"https:\/\/www.gemalmazreklam.com\/index.php\/menemen-tabela\/#breadcrumb\"},\"inLanguage\":\"tr\",\"potentialAction\":[{\"@type\":\"ReadAction\",\"target\":[\"https:\/\/www.gemalmazreklam.com\/index.php\/menemen-tabela\/\"]}]},{\"@type\":\"BreadcrumbList\",\"@id\":\"https:\/\/www.gemalmazreklam.com\/index.php\/menemen-tabela\/#breadcrumb\",\"itemListElement\":[{\"@type\":\"ListItem\",\"position\":1,\"name\":\"Anasayfa\",\"item\":\"https:\/\/www.gemalmazreklam.com\/\"},{\"@type\":\"ListItem\",\"position\":2,\"name\":\"Menemen Tabela\"}]},{\"@type\":\"WebSite\",\"@id\":\"https:\/\/www.gemalmazreklam.com\/#website\",\"url\":\"https:\/\/www.gemalmazreklam.com\/\",\"name\":\"\u0130zmir Reklamc\u0131 - \u0130zmir Reklam Tabela - Kar\u015f\u0131yaka Reklamc\u0131 - \u0130zmir Tabela D\u00fcnyas\u0131\",\"description\":\"A\u00e7\u0131k Havan\u0131n Tad\u0131n\u0131 \u00c7\u0131kar\u0131n\",\"publisher\":{\"@id\":\"https:\/\/www.gemalmazreklam.com\/#organization\"},\"potentialAction\":[{\"@type\":\"SearchAction\",\"target\":{\"@type\":\"EntryPoint\",\"urlTemplate\":\"https:\/\/www.gemalmazreklam.com\/?s={search_term_string}\"},\"query-input\":\"required name=search_term_string\"}],\"inLanguage\":\"tr\"},{\"@type\":\"Organization\",\"@id\":\"https:\/\/www.gemalmazreklam.com\/#organization\",\"name\":\"\u0130zmir Reklamc\u0131 - \u0130zmir Reklam Tabela - Kar\u015f\u0131yaka Reklamc\u0131 - \u0130zmir Tabela D\u00fcnyas\u0131\",\"url\":\"https:\/\/www.gemalmazreklam.com\/\",\"logo\":{\"@type\":\"ImageObject\",\"inLanguage\":\"tr\",\"@id\":\"https:\/\/www.gemalmazreklam.com\/#\/schema\/logo\/image\/\",\"url\":\"https:\/\/izmirtabeladunyasi.com\/wp-content\/uploads\/2022\/06\/Logo-01.webp\",\"contentUrl\":\"https:\/\/izmirtabeladunyasi.com\/wp-content\/uploads\/2022\/06\/Logo-01.webp\",\"width\":513,\"height\":133,\"caption\":\"\u0130zmir Reklamc\u0131 - \u0130zmir Reklam Tabela - Kar\u015f\u0131yaka Reklamc\u0131 - \u0130zmir Tabela D\u00fcnyas\u0131\"},\"image\":{\"@id\":\"https:\/\/www.gemalmazreklam.com\/#\/schema\/logo\/image\/\"}}]}<\/script>\n<!-- \/ Yoast SEO plugin. -->","yoast_head_json":{"title":"Menemen Tabela \u0130zmir Tabelac\u0131 - \u0130zmir Reklamc\u0131 - Kar\u015f\u0131yaka Reklamc\u0131 - \u00c7i\u011fli Reklamc\u0131- Gemalmaz Reklam - \u0130zmir Reklamc\u0131 - \u0130zmir Reklam Tabela - Kar\u015f\u0131yaka Reklamc\u0131 - Bostanl\u0131 Tabelac\u0131","description":"\u0130zmir Tabela D\u00fcnyas\u0131 olarak kaliteli ve uygun fiyatl\u0131 a\u00e7\u0131k hava reklamc\u0131l\u0131k \u00e7\u00f6z\u00fcmleri sunuyoruz. Detayl\u0131 bilgi i\u00e7in hemen ziyaret edin!","robots":{"index":"index","follow":"follow","max-snippet":"max-snippet:-1","max-image-preview":"max-image-preview:large","max-video-preview":"max-video-preview:-1"},"canonical":"https:\/\/www.gemalmazreklam.com\/index.php\/menemen-tabela\/","og_locale":"tr_TR","og_type":"article","og_title":"Menemen Tabela \u0130zmir Tabelac\u0131 - \u0130zmir Reklamc\u0131 - Kar\u015f\u0131yaka Reklamc\u0131 - \u00c7i\u011fli Reklamc\u0131- Gemalmaz Reklam - \u0130zmir Reklamc\u0131 - \u0130zmir Reklam Tabela - Kar\u015f\u0131yaka Reklamc\u0131 - Bostanl\u0131 Tabelac\u0131","og_description":"\u0130zmir Tabela D\u00fcnyas\u0131 olarak kaliteli ve uygun fiyatl\u0131 a\u00e7\u0131k hava reklamc\u0131l\u0131k \u00e7\u00f6z\u00fcmleri sunuyoruz. Detayl\u0131 bilgi i\u00e7in hemen ziyaret edin!","og_url":"https:\/\/www.gemalmazreklam.com\/index.php\/menemen-tabela\/","og_site_name":"Gemalmaz Reklam - \u0130zmir Reklamc\u0131 - \u0130zmir Reklam Tabela - Kar\u015f\u0131yaka Reklamc\u0131 - Bostanl\u0131 Tabelac\u0131","article_modified_time":"2024-10-30T07:36:41+00:00","twitter_card":"summary_large_image","twitter_misc":{"Tahmini okuma s\u00fcresi":"1 dakika"},"schema":{"@context":"https:\/\/schema.org","@graph":[{"@type":"WebPage","@id":"https:\/\/www.gemalmazreklam.com\/index.php\/menemen-tabela\/","url":"https:\/\/www.gemalmazreklam.com\/index.php\/menemen-tabela\/","name":"Menemen Tabela \u0130zmir Tabelac\u0131 - \u0130zmir Reklamc\u0131 - Kar\u015f\u0131yaka Reklamc\u0131 - \u00c7i\u011fli Reklamc\u0131- Gemalmaz Reklam - \u0130zmir Reklamc\u0131 - \u0130zmir Reklam Tabela - Kar\u015f\u0131yaka Reklamc\u0131 - Bostanl\u0131 Tabelac\u0131","isPartOf":{"@id":"https:\/\/www.gemalmazreklam.com\/#website"},"datePublished":"2024-07-06T14:00:58+00:00","dateModified":"2024-10-30T07:36:41+00:00","description":"\u0130zmir Tabela D\u00fcnyas\u0131 olarak kaliteli ve uygun fiyatl\u0131 a\u00e7\u0131k hava reklamc\u0131l\u0131k \u00e7\u00f6z\u00fcmleri sunuyoruz. Detayl\u0131 bilgi i\u00e7in hemen ziyaret edin!","breadcrumb":{"@id":"https:\/\/www.gemalmazreklam.com\/index.php\/menemen-tabela\/#breadcrumb"},"inLanguage":"tr","potentialAction":[{"@type":"ReadAction","target":["https:\/\/www.gemalmazreklam.com\/index.php\/menemen-tabela\/"]}]},{"@type":"BreadcrumbList","@id":"https:\/\/www.gemalmazreklam.com\/index.php\/menemen-tabela\/#breadcrumb","itemListElement":[{"@type":"ListItem","position":1,"name":"Anasayfa","item":"https:\/\/www.gemalmazreklam.com\/"},{"@type":"ListItem","position":2,"name":"Menemen Tabela"}]},{"@type":"WebSite","@id":"https:\/\/www.gemalmazreklam.com\/#website","url":"https:\/\/www.gemalmazreklam.com\/","name":"\u0130zmir Reklamc\u0131 - \u0130zmir Reklam Tabela - Kar\u015f\u0131yaka Reklamc\u0131 - \u0130zmir Tabela D\u00fcnyas\u0131","description":"A\u00e7\u0131k Havan\u0131n Tad\u0131n\u0131 \u00c7\u0131kar\u0131n","publisher":{"@id":"https:\/\/www.gemalmazreklam.com\/#organization"},"potentialAction":[{"@type":"SearchAction","target":{"@type":"EntryPoint","urlTemplate":"https:\/\/www.gemalmazreklam.com\/?s={search_term_string}"},"query-input":"required name=search_term_string"}],"inLanguage":"tr"},{"@type":"Organization","@id":"https:\/\/www.gemalmazreklam.com\/#organization","name":"\u0130zmir Reklamc\u0131 - \u0130zmir Reklam Tabela - Kar\u015f\u0131yaka Reklamc\u0131 - \u0130zmir Tabela D\u00fcnyas\u0131","url":"https:\/\/www.gemalmazreklam.com\/","logo":{"@type":"ImageObject","inLanguage":"tr","@id":"https:\/\/www.gemalmazreklam.com\/#\/schema\/logo\/image\/","url":"https:\/\/izmirtabeladunyasi.com\/wp-content\/uploads\/2022\/06\/Logo-01.webp","contentUrl":"https:\/\/izmirtabeladunyasi.com\/wp-content\/uploads\/2022\/06\/Logo-01.webp","width":513,"height":133,"caption":"\u0130zmir Reklamc\u0131 - \u0130zmir Reklam Tabela - Kar\u015f\u0131yaka Reklamc\u0131 - \u0130zmir Tabela D\u00fcnyas\u0131"},"image":{"@id":"https:\/\/www.gemalmazreklam.com\/#\/schema\/logo\/image\/"}}]}},"_links":{"self":[{"href":"https:\/\/www.gemalmazreklam.com\/index.php\/wp-json\/wp\/v2\/pages\/6398","targetHints":{"allow":["GET"]}}],"collection":[{"href":"https:\/\/www.gemalmazreklam.com\/index.php\/wp-json\/wp\/v2\/pages"}],"about":[{"href":"https:\/\/www.gemalmazreklam.com\/index.php\/wp-json\/wp\/v2\/types\/page"}],"author":[{"embeddable":true,"href":"https:\/\/www.gemalmazreklam.com\/index.php\/wp-json\/wp\/v2\/users\/1"}],"replies":[{"embeddable":true,"href":"https:\/\/www.gemalmazreklam.com\/index.php\/wp-json\/wp\/v2\/comments?post=6398"}],"version-history":[{"count":10,"href":"https:\/\/www.gemalmazreklam.com\/index.php\/wp-json\/wp\/v2\/pages\/6398\/revisions"}],"predecessor-version":[{"id":7125,"href":"https:\/\/www.gemalmazreklam.com\/index.php\/wp-json\/wp\/v2\/pages\/6398\/revisions\/7125"}],"wp:attachment":[{"href":"https:\/\/www.gemalmazreklam.com\/index.php\/wp-json\/wp\/v2\/media?parent=6398"}],"curies":[{"name":"wp","href":"https:\/\/api.w.org\/{rel}","templated":true}]}}